{"id":882,"date":"2022-01-28T07:58:25","date_gmt":"2022-01-28T07:58:25","guid":{"rendered":"https:\/\/solucionesdentalesdigitales.com\/master\/?page_id=882"},"modified":"2022-04-25T17:25:16","modified_gmt":"2022-04-25T17:25:16","slug":"bti-biotechnology-institute","status":"publish","type":"page","link":"https:\/\/solucionesdentalesdigitales.com\/master\/empresas-colaboradoras\/bti-biotechnology-institute\/","title":{"rendered":"BTI"},"content":{"rendered":"\t\t<div data-elementor-type=\"wp-page\" data-elementor-id=\"882\" class=\"elementor elementor-882\" data-elementor-post-type=\"page\">\n\t\t\t\t\t\t<section class=\"elementor-section elementor-top-section elementor-element elementor-element-3e274df elementor-section-boxed elementor-section-height-default elementor-section-height-default\" data-id=\"3e274df\" data-element_type=\"section\" data-settings=\"{&quot;background_background&quot;:&quot;classic&quot;}\">\n\t\t\t\t\t\t\t<div class=\"elementor-background-overlay\"><\/div>\n\t\t\t\t\t\t\t<div class=\"elementor-container elementor-column-gap-default\">\n\t\t\t\t\t<div class=\"elementor-column elementor-col-100 elementor-top-column elementor-element elementor-element-6ca1aae\" data-id=\"6ca1aae\" data-element_type=\"column\">\n\t\t\t<div class=\"elementor-widget-wrap elementor-element-populated\">\n\t\t\t\t\t\t<div class=\"elementor-element elementor-element-f65b44a elementor-widget elementor-widget-heading\" data-id=\"f65b44a\" data-element_type=\"widget\" data-widget_type=\"heading.default\">\n\t\t\t\t<div class=\"elementor-widget-container\">\n\t\t\t\t\t<h2 class=\"elementor-heading-title elementor-size-default\">BTI en el m\u00e1ster:<\/h2>\t\t\t\t<\/div>\n\t\t\t\t<\/div>\n\t\t\t\t<div class=\"elementor-element elementor-element-65d7d48 elementor-tabs-view-horizontal elementor-widget elementor-widget-tabs\" data-id=\"65d7d48\" data-element_type=\"widget\" data-widget_type=\"tabs.default\">\n\t\t\t\t<div class=\"elementor-widget-container\">\n\t\t\t\t\t\t\t<div class=\"elementor-tabs\">\n\t\t\t<div class=\"elementor-tabs-wrapper\" role=\"tablist\" >\n\t\t\t\t\t\t\t\t\t<div id=\"elementor-tab-title-1061\" class=\"elementor-tab-title elementor-tab-desktop-title\" aria-selected=\"true\" data-tab=\"1\" role=\"tab\" tabindex=\"0\" aria-controls=\"elementor-tab-content-1061\" aria-expanded=\"false\">La c\u00e1tedra extraordinaria<\/div>\n\t\t\t\t\t\t\t\t\t<div id=\"elementor-tab-title-1062\" class=\"elementor-tab-title elementor-tab-desktop-title\" aria-selected=\"false\" data-tab=\"2\" role=\"tab\" tabindex=\"-1\" aria-controls=\"elementor-tab-content-1062\" aria-expanded=\"false\">Acciones conjuntas BTI-UCM<\/div>\n\t\t\t\t\t\t\t\t\t<div id=\"elementor-tab-title-1063\" class=\"elementor-tab-title elementor-tab-desktop-title\" aria-selected=\"false\" data-tab=\"3\" role=\"tab\" tabindex=\"-1\" aria-controls=\"elementor-tab-content-1063\" aria-expanded=\"false\">Conoce mejor a BTI<\/div>\n\t\t\t\t\t\t\t<\/div>\n\t\t\t<div class=\"elementor-tabs-content-wrapper\" role=\"tablist\" aria-orientation=\"vertical\">\n\t\t\t\t\t\t\t\t\t<div class=\"elementor-tab-title elementor-tab-mobile-title\" aria-selected=\"true\" data-tab=\"1\" role=\"tab\" tabindex=\"0\" aria-controls=\"elementor-tab-content-1061\" aria-expanded=\"false\">La c\u00e1tedra extraordinaria<\/div>\n\t\t\t\t\t<div id=\"elementor-tab-content-1061\" class=\"elementor-tab-content elementor-clearfix\" data-tab=\"1\" role=\"tabpanel\" aria-labelledby=\"elementor-tab-title-1061\" tabindex=\"0\" hidden=\"false\">\t\t<div data-elementor-type=\"section\" data-elementor-id=\"939\" class=\"elementor elementor-939\" data-elementor-post-type=\"elementor_library\">\n\t\t\t\t\t<section class=\"elementor-section elementor-top-section elementor-element elementor-element-8b1a1c0 elementor-section-boxed elementor-section-height-default elementor-section-height-default\" data-id=\"8b1a1c0\" data-element_type=\"section\">\n\t\t\t\t\t\t<div class=\"elementor-container elementor-column-gap-no\">\n\t\t\t\t\t<div class=\"elementor-column elementor-col-50 elementor-top-column elementor-element elementor-element-1f51224\" data-id=\"1f51224\" data-element_type=\"column\">\n\t\t\t<div class=\"elementor-widget-wrap elementor-element-populated\">\n\t\t\t\t\t\t<div class=\"elementor-element elementor-element-4d2ca3a elementor-widget elementor-widget-image\" data-id=\"4d2ca3a\" data-element_type=\"widget\" data-widget_type=\"image.default\">\n\t\t\t\t<div class=\"elementor-widget-container\">\n\t\t\t\t\t\t\t\t\t\t\t\t\t\t\t<img fetchpriority=\"high\" decoding=\"async\" width=\"768\" height=\"497\" src=\"https:\/\/solucionesdentalesdigitales.com\/master\/wp-content\/uploads\/sites\/3\/2022\/01\/catedra-bti-ucm2-768x497.jpg\" class=\"attachment-medium_large size-medium_large wp-image-941\" alt=\"\" srcset=\"https:\/\/solucionesdentalesdigitales.com\/master\/wp-content\/uploads\/sites\/3\/2022\/01\/catedra-bti-ucm2-768x497.jpg 768w, https:\/\/solucionesdentalesdigitales.com\/master\/wp-content\/uploads\/sites\/3\/2022\/01\/catedra-bti-ucm2-300x194.jpg 300w, https:\/\/solucionesdentalesdigitales.com\/master\/wp-content\/uploads\/sites\/3\/2022\/01\/catedra-bti-ucm2.jpg 800w\" sizes=\"(max-width: 768px) 100vw, 768px\" \/>\t\t\t\t\t\t\t\t\t\t\t\t\t\t\t<\/div>\n\t\t\t\t<\/div>\n\t\t\t\t\t<\/div>\n\t\t<\/div>\n\t\t\t\t<div class=\"elementor-column elementor-col-50 elementor-top-column elementor-element elementor-element-9b5006a\" data-id=\"9b5006a\" data-element_type=\"column\">\n\t\t\t<div class=\"elementor-widget-wrap elementor-element-populated\">\n\t\t\t\t\t\t<div class=\"elementor-element elementor-element-6214635 elementor-widget elementor-widget-text-editor\" data-id=\"6214635\" data-element_type=\"widget\" data-widget_type=\"text-editor.default\">\n\t\t\t\t<div class=\"elementor-widget-container\">\n\t\t\t\t\t\t\t\t\t<p>Las C\u00e1tedras Extraordinarias constituyen una forma de colaboraci\u00f3n entre la Universidad y otras entidades (fundaciones, asociaciones, centros de investigaci\u00f3n, administraciones p\u00fablicas y, en general, cualesquiera entidades p\u00fablicas o privadas) para la realizaci\u00f3n de actividades relacionadas con los fines estatutarios de nuestra Universidad, especialmente de docencia e investigaci\u00f3n.<\/p>\t\t\t\t\t\t\t\t<\/div>\n\t\t\t\t<\/div>\n\t\t\t\t\t<\/div>\n\t\t<\/div>\n\t\t\t\t\t<\/div>\n\t\t<\/section>\n\t\t\t\t<section class=\"elementor-section elementor-top-section elementor-element elementor-element-fc999cc elementor-section-boxed elementor-section-height-default elementor-section-height-default\" data-id=\"fc999cc\" data-element_type=\"section\">\n\t\t\t\t\t\t<div class=\"elementor-container elementor-column-gap-no\">\n\t\t\t\t\t<div class=\"elementor-column elementor-col-50 elementor-top-column elementor-element elementor-element-1d6dc10\" data-id=\"1d6dc10\" data-element_type=\"column\">\n\t\t\t<div class=\"elementor-widget-wrap elementor-element-populated\">\n\t\t\t\t\t\t<div class=\"elementor-element elementor-element-8097959 elementor-widget elementor-widget-text-editor\" data-id=\"8097959\" data-element_type=\"widget\" data-widget_type=\"text-editor.default\">\n\t\t\t\t<div class=\"elementor-widget-container\">\n\t\t\t\t\t\t\t\t\t<p>En este marco, la empresa <strong>BTI BIOTECHNOLOGY INSTITUTE y la UNIVERSIDAD COMPLUTENSE han firmado una C\u00e1tedra extraordinaria<\/strong> con el prop\u00f3sito de desarrollar y transmitir conocimiento en el \u00e1rea cient\u00edfica de la Implantolog\u00eda Cl\u00ednica y la Odontolog\u00eda Restauradora.\u00a0<\/p>\t\t\t\t\t\t\t\t<\/div>\n\t\t\t\t<\/div>\n\t\t\t\t\t<\/div>\n\t\t<\/div>\n\t\t\t\t<div class=\"elementor-column elementor-col-50 elementor-top-column elementor-element elementor-element-cf7a171\" data-id=\"cf7a171\" data-element_type=\"column\">\n\t\t\t<div class=\"elementor-widget-wrap elementor-element-populated\">\n\t\t\t\t\t\t<div class=\"elementor-element elementor-element-536ff0c elementor-widget elementor-widget-image\" data-id=\"536ff0c\" data-element_type=\"widget\" data-widget_type=\"image.default\">\n\t\t\t\t<div class=\"elementor-widget-container\">\n\t\t\t\t\t\t\t\t\t\t\t\t\t\t\t<img decoding=\"async\" width=\"768\" height=\"401\" src=\"https:\/\/solucionesdentalesdigitales.com\/master\/wp-content\/uploads\/sites\/3\/2022\/01\/catedra-bti-ucm3-768x401.jpg\" class=\"attachment-medium_large size-medium_large wp-image-942\" alt=\"\" srcset=\"https:\/\/solucionesdentalesdigitales.com\/master\/wp-content\/uploads\/sites\/3\/2022\/01\/catedra-bti-ucm3-768x401.jpg 768w, https:\/\/solucionesdentalesdigitales.com\/master\/wp-content\/uploads\/sites\/3\/2022\/01\/catedra-bti-ucm3-300x157.jpg 300w, https:\/\/solucionesdentalesdigitales.com\/master\/wp-content\/uploads\/sites\/3\/2022\/01\/catedra-bti-ucm3.jpg 800w\" sizes=\"(max-width: 768px) 100vw, 768px\" \/>\t\t\t\t\t\t\t\t\t\t\t\t\t\t\t<\/div>\n\t\t\t\t<\/div>\n\t\t\t\t\t<\/div>\n\t\t<\/div>\n\t\t\t\t\t<\/div>\n\t\t<\/section>\n\t\t\t\t<section class=\"elementor-section elementor-top-section elementor-element elementor-element-48cc013 elementor-section-boxed elementor-section-height-default elementor-section-height-default\" data-id=\"48cc013\" data-element_type=\"section\">\n\t\t\t\t\t\t<div class=\"elementor-container elementor-column-gap-default\">\n\t\t\t\t\t<div class=\"elementor-column elementor-col-100 elementor-top-column elementor-element elementor-element-17b0342\" data-id=\"17b0342\" data-element_type=\"column\">\n\t\t\t<div class=\"elementor-widget-wrap elementor-element-populated\">\n\t\t\t\t\t\t<div class=\"elementor-element elementor-element-c908d70 elementor-widget elementor-widget-text-editor\" data-id=\"c908d70\" data-element_type=\"widget\" data-widget_type=\"text-editor.default\">\n\t\t\t\t<div class=\"elementor-widget-container\">\n\t\t\t\t\t\t\t\t\t<p>Dentro de estos campos el programa de las actividades de la C\u00e1tedra incluye la formaci\u00f3n, la investigaci\u00f3n y desarrollo, y la difusi\u00f3n y transmisi\u00f3n del conocimiento, todo ello a trav\u00e9s del Grupo de investigaci\u00f3n \u201cAn\u00e1lisis de t\u00e9cnicas, materiales e instrumental aplicado a la Odontolog\u00eda digital y procedimientos CAD\/CAM\u201d y el T\u00edtulo Propio \u201cM\u00e1ster en Odontolog\u00eda Restauradora basada en las Nuevas Tecnolog\u00edas\u201d dirigidos por el PROF. GUILLERMO PRAD\u00cdES RAMIRO.<\/p>\t\t\t\t\t\t\t\t<\/div>\n\t\t\t\t<\/div>\n\t\t\t\t<div class=\"elementor-element elementor-element-f232f84 elementor-widget elementor-widget-image\" data-id=\"f232f84\" data-element_type=\"widget\" data-widget_type=\"image.default\">\n\t\t\t\t<div class=\"elementor-widget-container\">\n\t\t\t\t\t\t\t\t\t\t\t\t\t\t\t<img decoding=\"async\" width=\"768\" height=\"536\" src=\"https:\/\/solucionesdentalesdigitales.com\/master\/wp-content\/uploads\/sites\/3\/2022\/01\/catedra-bti-ucm-768x536.jpg\" class=\"attachment-medium_large size-medium_large wp-image-940\" alt=\"\" srcset=\"https:\/\/solucionesdentalesdigitales.com\/master\/wp-content\/uploads\/sites\/3\/2022\/01\/catedra-bti-ucm-768x536.jpg 768w, https:\/\/solucionesdentalesdigitales.com\/master\/wp-content\/uploads\/sites\/3\/2022\/01\/catedra-bti-ucm-300x209.jpg 300w, https:\/\/solucionesdentalesdigitales.com\/master\/wp-content\/uploads\/sites\/3\/2022\/01\/catedra-bti-ucm.jpg 800w\" sizes=\"(max-width: 768px) 100vw, 768px\" \/>\t\t\t\t\t\t\t\t\t\t\t\t\t\t\t<\/div>\n\t\t\t\t<\/div>\n\t\t\t\t\t<\/div>\n\t\t<\/div>\n\t\t\t\t\t<\/div>\n\t\t<\/section>\n\t\t\t\t<\/div>\n\t\t<\/div>\n\t\t\t\t\t\t\t\t\t<div class=\"elementor-tab-title elementor-tab-mobile-title\" aria-selected=\"false\" data-tab=\"2\" role=\"tab\" tabindex=\"-1\" aria-controls=\"elementor-tab-content-1062\" aria-expanded=\"false\">Acciones conjuntas BTI-UCM<\/div>\n\t\t\t\t\t<div id=\"elementor-tab-content-1062\" class=\"elementor-tab-content elementor-clearfix\" data-tab=\"2\" role=\"tabpanel\" aria-labelledby=\"elementor-tab-title-1062\" tabindex=\"0\" hidden=\"hidden\">\t\t<div data-elementor-type=\"section\" data-elementor-id=\"951\" class=\"elementor elementor-951\" data-elementor-post-type=\"elementor_library\">\n\t\t\t\t\t<section class=\"elementor-section elementor-top-section elementor-element elementor-element-d774db3 elementor-section-boxed elementor-section-height-default elementor-section-height-default\" data-id=\"d774db3\" data-element_type=\"section\">\n\t\t\t\t\t\t<div class=\"elementor-container elementor-column-gap-no\">\n\t\t\t\t\t<div class=\"elementor-column elementor-col-100 elementor-top-column elementor-element elementor-element-e36d062\" data-id=\"e36d062\" data-element_type=\"column\">\n\t\t\t<div class=\"elementor-widget-wrap elementor-element-populated\">\n\t\t\t\t\t\t<div class=\"elementor-element elementor-element-93ecec6 elementor-grid-mobile-2 elementor-grid-3 elementor-grid-tablet-2 elementor-widget elementor-widget-portfolio\" data-id=\"93ecec6\" data-element_type=\"widget\" data-settings=\"{&quot;masonry&quot;:&quot;yes&quot;,&quot;row_gap&quot;:{&quot;unit&quot;:&quot;px&quot;,&quot;size&quot;:5,&quot;sizes&quot;:[]},&quot;columns_mobile&quot;:&quot;2&quot;,&quot;columns&quot;:&quot;3&quot;,&quot;columns_tablet&quot;:&quot;2&quot;,&quot;item_gap&quot;:{&quot;unit&quot;:&quot;px&quot;,&quot;size&quot;:&quot;&quot;,&quot;sizes&quot;:[]}}\" data-widget_type=\"portfolio.default\">\n\t\t\t\t<div class=\"elementor-widget-container\">\n\t\t\t\t\t\t\t<div class=\"elementor-portfolio elementor-grid elementor-posts-container\" role=\"list\">\n\t\t\t\t<article class=\"elementor-portfolio-item elementor-post elementor-filter-9 post-484 post type-post status-publish format-standard has-post-thumbnail hentry category-bti\" role=\"listitem\">\n\t\t\t<a class=\"elementor-post__thumbnail__link\" href=\"https:\/\/solucionesdentalesdigitales.com\/master\/nueva-catedra-de-investigacion-con-bti-biotechnology\/\">\n\t\t\t\t<div class=\"elementor-portfolio-item__img elementor-post__thumbnail\">\n\t\t\t<img fetchpriority=\"high\" decoding=\"async\" width=\"768\" height=\"497\" src=\"https:\/\/solucionesdentalesdigitales.com\/master\/wp-content\/uploads\/sites\/3\/2022\/01\/catedra-bti-ucm2-768x497.jpg\" class=\"attachment-medium_large size-medium_large wp-image-941\" alt=\"\" srcset=\"https:\/\/solucionesdentalesdigitales.com\/master\/wp-content\/uploads\/sites\/3\/2022\/01\/catedra-bti-ucm2-768x497.jpg 768w, https:\/\/solucionesdentalesdigitales.com\/master\/wp-content\/uploads\/sites\/3\/2022\/01\/catedra-bti-ucm2-300x194.jpg 300w, https:\/\/solucionesdentalesdigitales.com\/master\/wp-content\/uploads\/sites\/3\/2022\/01\/catedra-bti-ucm2.jpg 800w\" sizes=\"(max-width: 768px) 100vw, 768px\" \/>\t\t<\/div>\n\t\t\t\t<div class=\"elementor-portfolio-item__overlay\">\n\t\t\t\t<h3 class=\"elementor-portfolio-item__title\">\n\t\tNueva c\u00e1tedra de investigaci\u00f3n con BTI Biotechnology\t\t<\/h3>\n\t\t\t\t<\/div>\n\t\t\t\t<\/a>\n\t\t<\/article>\n\t\t\t\t<article class=\"elementor-portfolio-item elementor-post elementor-filter-9 post-913 post type-post status-publish format-standard has-post-thumbnail hentry category-bti\" role=\"listitem\">\n\t\t\t<a class=\"elementor-post__thumbnail__link\" href=\"https:\/\/solucionesdentalesdigitales.com\/master\/curso-de-roncopatia-y-apnea-del-sueno\/\">\n\t\t\t\t<div class=\"elementor-portfolio-item__img elementor-post__thumbnail\">\n\t\t\t<img loading=\"lazy\" decoding=\"async\" width=\"596\" height=\"400\" src=\"https:\/\/solucionesdentalesdigitales.com\/master\/wp-content\/uploads\/sites\/3\/2022\/01\/bti-apnea.jpg\" class=\"attachment-medium_large size-medium_large wp-image-914\" alt=\"\" srcset=\"https:\/\/solucionesdentalesdigitales.com\/master\/wp-content\/uploads\/sites\/3\/2022\/01\/bti-apnea.jpg 596w, https:\/\/solucionesdentalesdigitales.com\/master\/wp-content\/uploads\/sites\/3\/2022\/01\/bti-apnea-300x201.jpg 300w\" sizes=\"(max-width: 596px) 100vw, 596px\" \/>\t\t<\/div>\n\t\t\t\t<div class=\"elementor-portfolio-item__overlay\">\n\t\t\t\t<h3 class=\"elementor-portfolio-item__title\">\n\t\tCurso de roncopat\u00eda y apnea del sue\u00f1o\t\t<\/h3>\n\t\t\t\t<\/div>\n\t\t\t\t<\/a>\n\t\t<\/article>\n\t\t\t\t<article class=\"elementor-portfolio-item elementor-post elementor-filter-9 post-997 post type-post status-publish format-standard has-post-thumbnail hentry category-bti\" role=\"listitem\">\n\t\t\t<a class=\"elementor-post__thumbnail__link\" href=\"https:\/\/solucionesdentalesdigitales.com\/master\/curso-de-roncopatia-y-apnea-del-sueno-2\/\">\n\t\t\t\t<div class=\"elementor-portfolio-item__img elementor-post__thumbnail\">\n\t\t\t<img loading=\"lazy\" decoding=\"async\" width=\"500\" height=\"667\" src=\"https:\/\/solucionesdentalesdigitales.com\/master\/wp-content\/uploads\/sites\/3\/2022\/01\/Reunion-expertos-cartel.jpg\" class=\"attachment-medium_large size-medium_large wp-image-1006\" alt=\"\" srcset=\"https:\/\/solucionesdentalesdigitales.com\/master\/wp-content\/uploads\/sites\/3\/2022\/01\/Reunion-expertos-cartel.jpg 500w, https:\/\/solucionesdentalesdigitales.com\/master\/wp-content\/uploads\/sites\/3\/2022\/01\/Reunion-expertos-cartel-225x300.jpg 225w\" sizes=\"(max-width: 500px) 100vw, 500px\" \/>\t\t<\/div>\n\t\t\t\t<div class=\"elementor-portfolio-item__overlay\">\n\t\t\t\t<h3 class=\"elementor-portfolio-item__title\">\n\t\t1\u00aa Reuni\u00f3n de Expertos &#8211; C\u00e1tedra extraordinaria BTI-UCM\t\t<\/h3>\n\t\t\t\t<\/div>\n\t\t\t\t<\/a>\n\t\t<\/article>\n\t\t\t\t<article class=\"elementor-portfolio-item elementor-post elementor-filter-9 post-1018 post type-post status-publish format-standard has-post-thumbnail hentry category-bti\" role=\"listitem\">\n\t\t\t<a class=\"elementor-post__thumbnail__link\" href=\"https:\/\/solucionesdentalesdigitales.com\/master\/taller-teorico-practico-del-sistema-de-implantes-core-de-bti\/\">\n\t\t\t\t<div class=\"elementor-portfolio-item__img elementor-post__thumbnail\">\n\t\t\t<img loading=\"lazy\" decoding=\"async\" width=\"565\" height=\"565\" src=\"https:\/\/solucionesdentalesdigitales.com\/master\/wp-content\/uploads\/sites\/3\/2022\/01\/img-profesional-core-tejidos.png\" class=\"attachment-medium_large size-medium_large wp-image-1025\" alt=\"\" srcset=\"https:\/\/solucionesdentalesdigitales.com\/master\/wp-content\/uploads\/sites\/3\/2022\/01\/img-profesional-core-tejidos.png 565w, https:\/\/solucionesdentalesdigitales.com\/master\/wp-content\/uploads\/sites\/3\/2022\/01\/img-profesional-core-tejidos-300x300.png 300w, https:\/\/solucionesdentalesdigitales.com\/master\/wp-content\/uploads\/sites\/3\/2022\/01\/img-profesional-core-tejidos-150x150.png 150w\" sizes=\"(max-width: 565px) 100vw, 565px\" \/>\t\t<\/div>\n\t\t\t\t<div class=\"elementor-portfolio-item__overlay\">\n\t\t\t\t<h3 class=\"elementor-portfolio-item__title\">\n\t\tTaller teorico-pr\u00e1ctico del sistema de implantes Core de BTI\t\t<\/h3>\n\t\t\t\t<\/div>\n\t\t\t\t<\/a>\n\t\t<\/article>\n\t\t\t\t<\/div>\n\t\t\t\t\t\t<\/div>\n\t\t\t\t<\/div>\n\t\t\t\t\t<\/div>\n\t\t<\/div>\n\t\t\t\t\t<\/div>\n\t\t<\/section>\n\t\t\t\t<\/div>\n\t\t<\/div>\n\t\t\t\t\t\t\t\t\t<div class=\"elementor-tab-title elementor-tab-mobile-title\" aria-selected=\"false\" data-tab=\"3\" role=\"tab\" tabindex=\"-1\" aria-controls=\"elementor-tab-content-1063\" aria-expanded=\"false\">Conoce mejor a BTI<\/div>\n\t\t\t\t\t<div id=\"elementor-tab-content-1063\" class=\"elementor-tab-content elementor-clearfix\" data-tab=\"3\" role=\"tabpanel\" aria-labelledby=\"elementor-tab-title-1063\" tabindex=\"0\" hidden=\"hidden\"><p>BTI Biotechnology Institute es una multinacional espa\u00f1ola especializada en biomedicina y biotecnolog\u00eda cuya actividad se centra en dos \u00e1reas de trabajo: la Medicina Regenerativa y la Implantolog\u00eda Oral.<\/p><p>BTI Biotechnology Institute fue fundada en 1999 por el Dr. Eduardo Anitua, actual Presidente y Director Cient\u00edfico de la compa\u00f1\u00eda y hoy en d\u00eda es en una de las empresas l\u00edder en implantolog\u00eda y rehabilitaci\u00f3n oral, as\u00ed como un referente cient\u00edfico internacional en la aplicaci\u00f3n de terapias regenerativas en diferentes \u00e1reas de la medicina, desde el \u00e1mbito de la cirug\u00eda oral a especialidades como la traumatolog\u00eda, dermatolog\u00eda, oftalmolog\u00eda, medicina deportiva, cirug\u00eda cardiovascular, medicina est\u00e9tica y medicina reproductiva, entre otras.<\/p><\/div>\n\t\t\t\t\t\t\t<\/div>\n\t\t<\/div>\n\t\t\t\t\t\t<\/div>\n\t\t\t\t<\/div>\n\t\t\t\t<div class=\"elementor-element elementor-element-ef42366 elementor-widget elementor-widget-spacer\" data-id=\"ef42366\" data-element_type=\"widget\" data-widget_type=\"spacer.default\">\n\t\t\t\t<div class=\"elementor-widget-container\">\n\t\t\t\t\t\t\t<div class=\"elementor-spacer\">\n\t\t\t<div class=\"elementor-spacer-inner\"><\/div>\n\t\t<\/div>\n\t\t\t\t\t\t<\/div>\n\t\t\t\t<\/div>\n\t\t\t\t\t<\/div>\n\t\t<\/div>\n\t\t\t\t\t<\/div>\n\t\t<\/section>\n\t\t\t\t<section class=\"elementor-section elementor-top-section elementor-element elementor-element-c001769 elementor-section-boxed elementor-section-height-default elementor-section-height-default\" data-id=\"c001769\" data-element_type=\"section\">\n\t\t\t\t\t\t<div class=\"elementor-container elementor-column-gap-default\">\n\t\t\t\t\t<div class=\"elementor-column elementor-col-100 elementor-top-column elementor-element elementor-element-4947dad\" data-id=\"4947dad\" data-element_type=\"column\">\n\t\t\t<div class=\"elementor-widget-wrap\">\n\t\t\t\t\t\t\t<\/div>\n\t\t<\/div>\n\t\t\t\t\t<\/div>\n\t\t<\/section>\n\t\t\t\t<\/div>\n\t\t","protected":false},"excerpt":{"rendered":"<p>BTI en el m\u00e1ster: La c\u00e1tedra extraordinaria Acciones conjuntas BTI-UCM Conoce mejor a BTI La c\u00e1tedra extraordinaria Las C\u00e1tedras Extraordinarias constituyen una forma de colaboraci\u00f3n entre la Universidad y otras entidades (fundaciones, asociaciones, centros de investigaci\u00f3n, administraciones p\u00fablicas y, en general, cualesquiera entidades p\u00fablicas o privadas) para la realizaci\u00f3n de actividades relacionadas con los fines &#8230; <a title=\"BTI\" class=\"read-more\" href=\"https:\/\/solucionesdentalesdigitales.com\/master\/empresas-colaboradoras\/bti-biotechnology-institute\/\" aria-label=\"M\u00e1s en BTI\">Leer m\u00e1s<\/a><\/p>\n","protected":false},"author":1,"featured_media":0,"parent":796,"menu_order":0,"comment_status":"closed","ping_status":"closed","template":"elementor_header_footer","meta":{"footnotes":""},"class_list":["post-882","page","type-page","status-publish"],"_links":{"self":[{"href":"https:\/\/solucionesdentalesdigitales.com\/master\/wp-json\/wp\/v2\/pages\/882","targetHints":{"allow":["GET"]}}],"collection":[{"href":"https:\/\/solucionesdentalesdigitales.com\/master\/wp-json\/wp\/v2\/pages"}],"about":[{"href":"https:\/\/solucionesdentalesdigitales.com\/master\/wp-json\/wp\/v2\/types\/page"}],"author":[{"embeddable":true,"href":"https:\/\/solucionesdentalesdigitales.com\/master\/wp-json\/wp\/v2\/users\/1"}],"replies":[{"embeddable":true,"href":"https:\/\/solucionesdentalesdigitales.com\/master\/wp-json\/wp\/v2\/comments?post=882"}],"version-history":[{"count":52,"href":"https:\/\/solucionesdentalesdigitales.com\/master\/wp-json\/wp\/v2\/pages\/882\/revisions"}],"predecessor-version":[{"id":1216,"href":"https:\/\/solucionesdentalesdigitales.com\/master\/wp-json\/wp\/v2\/pages\/882\/revisions\/1216"}],"up":[{"embeddable":true,"href":"https:\/\/solucionesdentalesdigitales.com\/master\/wp-json\/wp\/v2\/pages\/796"}],"wp:attachment":[{"href":"https:\/\/solucionesdentalesdigitales.com\/master\/wp-json\/wp\/v2\/media?parent=882"}],"curies":[{"name":"wp","href":"https:\/\/api.w.org\/{rel}","templated":true}]}}