{"id":367,"date":"2021-02-12T10:27:06","date_gmt":"2021-02-12T10:27:06","guid":{"rendered":"https:\/\/solucionesdentalesdigitales.com\/master\/?page_id=367"},"modified":"2021-03-26T09:27:44","modified_gmt":"2021-03-26T09:27:44","slug":"noticias","status":"publish","type":"page","link":"https:\/\/solucionesdentalesdigitales.com\/master\/noticias\/","title":{"rendered":"Noticias"},"content":{"rendered":"\t\t<div data-elementor-type=\"wp-page\" data-elementor-id=\"367\" class=\"elementor elementor-367\" data-elementor-post-type=\"page\">\n\t\t\t\t\t\t<section class=\"elementor-section elementor-top-section elementor-element elementor-element-2d3d011 elementor-section-full_width elementor-section-height-default elementor-section-height-default\" data-id=\"2d3d011\" data-element_type=\"section\">\n\t\t\t\t\t\t<div class=\"elementor-container elementor-column-gap-default\">\n\t\t\t\t\t<div class=\"elementor-column elementor-col-100 elementor-top-column elementor-element elementor-element-c22cb10\" data-id=\"c22cb10\" data-element_type=\"column\">\n\t\t\t<div class=\"elementor-widget-wrap elementor-element-populated\">\n\t\t\t\t\t\t<div class=\"elementor-element elementor-element-5f539b6 elementor-widget elementor-widget-heading\" data-id=\"5f539b6\" data-element_type=\"widget\" data-widget_type=\"heading.default\">\n\t\t\t\t<div class=\"elementor-widget-container\">\n\t\t\t\t\t<h2 class=\"elementor-heading-title elementor-size-default\">Noticias:<\/h2>\t\t\t\t<\/div>\n\t\t\t\t<\/div>\n\t\t\t\t\t<\/div>\n\t\t<\/div>\n\t\t\t\t\t<\/div>\n\t\t<\/section>\n\t\t\t\t<section class=\"elementor-section elementor-top-section elementor-element elementor-element-a1c1087 elementor-section-full_width elementor-section-height-default elementor-section-height-default\" data-id=\"a1c1087\" data-element_type=\"section\">\n\t\t\t\t\t\t<div class=\"elementor-container elementor-column-gap-default\">\n\t\t\t\t\t<div class=\"elementor-column elementor-col-100 elementor-top-column elementor-element elementor-element-6693233\" data-id=\"6693233\" data-element_type=\"column\">\n\t\t\t<div class=\"elementor-widget-wrap elementor-element-populated\">\n\t\t\t\t\t\t<div class=\"elementor-element elementor-element-489df11 elementor-grid-4 elementor-grid-tablet-2 elementor-grid-mobile-1 elementor-posts--thumbnail-top elementor-card-shadow-yes elementor-posts__hover-gradient elementor-widget elementor-widget-posts\" data-id=\"489df11\" data-element_type=\"widget\" data-settings=\"{&quot;cards_masonry&quot;:&quot;yes&quot;,&quot;cards_columns&quot;:&quot;4&quot;,&quot;cards_columns_tablet&quot;:&quot;2&quot;,&quot;cards_columns_mobile&quot;:&quot;1&quot;,&quot;cards_row_gap&quot;:{&quot;unit&quot;:&quot;px&quot;,&quot;size&quot;:35,&quot;sizes&quot;:[]},&quot;cards_row_gap_tablet&quot;:{&quot;unit&quot;:&quot;px&quot;,&quot;size&quot;:&quot;&quot;,&quot;sizes&quot;:[]},&quot;cards_row_gap_mobile&quot;:{&quot;unit&quot;:&quot;px&quot;,&quot;size&quot;:&quot;&quot;,&quot;sizes&quot;:[]}}\" data-widget_type=\"posts.cards\">\n\t\t\t\t<div class=\"elementor-widget-container\">\n\t\t\t\t\t\t\t<div class=\"elementor-posts-container elementor-posts elementor-posts--skin-cards elementor-grid\" role=\"list\">\n\t\t\t\t<article class=\"elementor-post elementor-grid-item post-1654 post type-post status-publish format-standard has-post-thumbnail hentry category-sin-categoria\" role=\"listitem\">\n\t\t\t<div class=\"elementor-post__card\">\n\t\t\t\t<a class=\"elementor-post__thumbnail__link\" href=\"https:\/\/solucionesdentalesdigitales.com\/master\/primera-cirugia-en-europa-de-colocacion-de-implantes-con-tecnologia-robotica-autonoma\/\" tabindex=\"-1\" ><div class=\"elementor-post__thumbnail\"><img fetchpriority=\"high\" decoding=\"async\" width=\"300\" height=\"201\" src=\"https:\/\/solucionesdentalesdigitales.com\/master\/wp-content\/uploads\/sites\/3\/2025\/07\/CirugiaRobotica-300x201.jpg\" class=\"attachment-medium size-medium wp-image-1655\" alt=\"\" srcset=\"https:\/\/solucionesdentalesdigitales.com\/master\/wp-content\/uploads\/sites\/3\/2025\/07\/CirugiaRobotica-300x201.jpg 300w, https:\/\/solucionesdentalesdigitales.com\/master\/wp-content\/uploads\/sites\/3\/2025\/07\/CirugiaRobotica.jpg 695w\" sizes=\"(max-width: 300px) 100vw, 300px\" \/><\/div><\/a>\n\t\t\t\t<div class=\"elementor-post__text\">\n\t\t\t\t<h3 class=\"elementor-post__title\">\n\t\t\t<a href=\"https:\/\/solucionesdentalesdigitales.com\/master\/primera-cirugia-en-europa-de-colocacion-de-implantes-con-tecnologia-robotica-autonoma\/\" >\n\t\t\t\tPRIMERA CIRUG\u00cdA EN EUROPA de colocaci\u00f3n de implantes con TECNOLOG\u00cdA ROB\u00d3TICA AUT\u00d3NOMA\t\t\t<\/a>\n\t\t<\/h3>\n\t\t\t\t<div class=\"elementor-post__excerpt\">\n\t\t\t<p>El EQUIPO DE ROB\u00d3TICA del M\u00e1ster de ODONTOLOG\u00cdA RESTAURADORA BASADO EN LAS NUEVAS TECNOLOG\u00cdAS de la Universidad Complutense de Madrid ha culminado de forma exitosa el d\u00eda 23 de julio, la PRIMERA CIRUG\u00cdA EN EUROPA de colocaci\u00f3n de implantes con TECNOLOG\u00cdA ROB\u00d3TICA AUT\u00d3NOMA.Nuestra felicitaci\u00f3n a los profesores PABLO XING, RAQUEL ALONSO, al doctor FRED OLIVEIRA-PEGADO<\/p>\n\t\t<\/div>\n\t\t\n\t\t<a class=\"elementor-post__read-more\" href=\"https:\/\/solucionesdentalesdigitales.com\/master\/primera-cirugia-en-europa-de-colocacion-de-implantes-con-tecnologia-robotica-autonoma\/\" aria-label=\"M\u00e1s informaci\u00f3n sobre PRIMERA CIRUG\u00cdA EN EUROPA de colocaci\u00f3n de implantes con TECNOLOG\u00cdA ROB\u00d3TICA AUT\u00d3NOMA\" tabindex=\"-1\" >\n\t\t\tLeer M\u00e1s &gt;&gt;\t\t<\/a>\n\n\t\t\t\t<\/div>\n\t\t\t\t\t<\/div>\n\t\t<\/article>\n\t\t\t\t<article class=\"elementor-post elementor-grid-item post-337 post type-post status-publish format-standard has-post-thumbnail hentry category-sin-categoria\" role=\"listitem\">\n\t\t\t<div class=\"elementor-post__card\">\n\t\t\t\t<a class=\"elementor-post__thumbnail__link\" href=\"https:\/\/solucionesdentalesdigitales.com\/master\/la-revista-maxillaris-entrevista-a-los-dres-guillermo-pradies-e-ignacio-sanz\/\" tabindex=\"-1\" ><div class=\"elementor-post__thumbnail\"><img decoding=\"async\" width=\"300\" height=\"244\" src=\"https:\/\/solucionesdentalesdigitales.com\/master\/wp-content\/uploads\/sites\/3\/2021\/02\/Hablamos-Padries-Sanz-1-e1613123946506-300x244.jpg\" class=\"attachment-medium size-medium wp-image-340\" alt=\"\" srcset=\"https:\/\/solucionesdentalesdigitales.com\/master\/wp-content\/uploads\/sites\/3\/2021\/02\/Hablamos-Padries-Sanz-1-e1613123946506-300x244.jpg 300w, https:\/\/solucionesdentalesdigitales.com\/master\/wp-content\/uploads\/sites\/3\/2021\/02\/Hablamos-Padries-Sanz-1-e1613123946506.jpg 599w\" sizes=\"(max-width: 300px) 100vw, 300px\" \/><\/div><\/a>\n\t\t\t\t<div class=\"elementor-post__text\">\n\t\t\t\t<h3 class=\"elementor-post__title\">\n\t\t\t<a href=\"https:\/\/solucionesdentalesdigitales.com\/master\/la-revista-maxillaris-entrevista-a-los-dres-guillermo-pradies-e-ignacio-sanz\/\" >\n\t\t\t\tLa revista Maxillaris entrevista a los Dres Guillermo Prad\u00edes e Ignacio Sanz\t\t\t<\/a>\n\t\t<\/h3>\n\t\t\t\t<div class=\"elementor-post__excerpt\">\n\t\t\t\t\t<\/div>\n\t\t\n\t\t<a class=\"elementor-post__read-more\" href=\"https:\/\/solucionesdentalesdigitales.com\/master\/la-revista-maxillaris-entrevista-a-los-dres-guillermo-pradies-e-ignacio-sanz\/\" aria-label=\"M\u00e1s informaci\u00f3n sobre La revista Maxillaris entrevista a los Dres Guillermo Prad\u00edes e Ignacio Sanz\" tabindex=\"-1\" >\n\t\t\tLeer M\u00e1s &gt;&gt;\t\t<\/a>\n\n\t\t\t\t<\/div>\n\t\t\t\t\t<\/div>\n\t\t<\/article>\n\t\t\t\t<article class=\"elementor-post elementor-grid-item post-333 post type-post status-publish format-standard has-post-thumbnail hentry category-sin-categoria\" role=\"listitem\">\n\t\t\t<div class=\"elementor-post__card\">\n\t\t\t\t<a class=\"elementor-post__thumbnail__link\" href=\"https:\/\/solucionesdentalesdigitales.com\/master\/telenoticias-de-telemadrid-habla-sobre-nuestro-master\/\" tabindex=\"-1\" ><div class=\"elementor-post__thumbnail\"><img decoding=\"async\" width=\"300\" height=\"166\" src=\"https:\/\/solucionesdentalesdigitales.com\/master\/wp-content\/uploads\/sites\/3\/2021\/02\/Noticia-Telemadrid-300x166.jpg\" class=\"attachment-medium size-medium wp-image-350\" alt=\"\" srcset=\"https:\/\/solucionesdentalesdigitales.com\/master\/wp-content\/uploads\/sites\/3\/2021\/02\/Noticia-Telemadrid-300x166.jpg 300w, https:\/\/solucionesdentalesdigitales.com\/master\/wp-content\/uploads\/sites\/3\/2021\/02\/Noticia-Telemadrid-1024x566.jpg 1024w, https:\/\/solucionesdentalesdigitales.com\/master\/wp-content\/uploads\/sites\/3\/2021\/02\/Noticia-Telemadrid-768x425.jpg 768w, https:\/\/solucionesdentalesdigitales.com\/master\/wp-content\/uploads\/sites\/3\/2021\/02\/Noticia-Telemadrid.jpg 1203w\" sizes=\"(max-width: 300px) 100vw, 300px\" \/><\/div><\/a>\n\t\t\t\t<div class=\"elementor-post__text\">\n\t\t\t\t<h3 class=\"elementor-post__title\">\n\t\t\t<a href=\"https:\/\/solucionesdentalesdigitales.com\/master\/telenoticias-de-telemadrid-habla-sobre-nuestro-master\/\" >\n\t\t\t\tTelenoticias de Telemadrid habla sobre nuestro M\u00e1ster\t\t\t<\/a>\n\t\t<\/h3>\n\t\t\t\t<div class=\"elementor-post__excerpt\">\n\t\t\t\t\t<\/div>\n\t\t\n\t\t<a class=\"elementor-post__read-more\" href=\"https:\/\/solucionesdentalesdigitales.com\/master\/telenoticias-de-telemadrid-habla-sobre-nuestro-master\/\" aria-label=\"M\u00e1s informaci\u00f3n sobre Telenoticias de Telemadrid habla sobre nuestro M\u00e1ster\" tabindex=\"-1\" >\n\t\t\tLeer M\u00e1s &gt;&gt;\t\t<\/a>\n\n\t\t\t\t<\/div>\n\t\t\t\t\t<\/div>\n\t\t<\/article>\n\t\t\t\t<article class=\"elementor-post elementor-grid-item post-1675 post type-post status-publish format-standard has-post-thumbnail hentry category-sin-categoria\" role=\"listitem\">\n\t\t\t<div class=\"elementor-post__card\">\n\t\t\t\t<a class=\"elementor-post__thumbnail__link\" href=\"https:\/\/solucionesdentalesdigitales.com\/master\/gaceta-dental-sobre-los-10-anos-de-nuestro-master\/\" tabindex=\"-1\" ><div class=\"elementor-post__thumbnail\"><img loading=\"lazy\" decoding=\"async\" width=\"240\" height=\"300\" src=\"https:\/\/solucionesdentalesdigitales.com\/master\/wp-content\/uploads\/sites\/3\/2025\/09\/Post-noticia-GD-240x300.jpg\" class=\"attachment-medium size-medium wp-image-1676\" alt=\"\" srcset=\"https:\/\/solucionesdentalesdigitales.com\/master\/wp-content\/uploads\/sites\/3\/2025\/09\/Post-noticia-GD-240x300.jpg 240w, https:\/\/solucionesdentalesdigitales.com\/master\/wp-content\/uploads\/sites\/3\/2025\/09\/Post-noticia-GD-819x1024.jpg 819w, https:\/\/solucionesdentalesdigitales.com\/master\/wp-content\/uploads\/sites\/3\/2025\/09\/Post-noticia-GD-768x960.jpg 768w, https:\/\/solucionesdentalesdigitales.com\/master\/wp-content\/uploads\/sites\/3\/2025\/09\/Post-noticia-GD.jpg 1080w\" sizes=\"(max-width: 240px) 100vw, 240px\" \/><\/div><\/a>\n\t\t\t\t<div class=\"elementor-post__text\">\n\t\t\t\t<h3 class=\"elementor-post__title\">\n\t\t\t<a href=\"https:\/\/solucionesdentalesdigitales.com\/master\/gaceta-dental-sobre-los-10-anos-de-nuestro-master\/\" >\n\t\t\t\tGaceta Dental sobre los 10 a\u00f1os de nuestro M\u00e1ster\t\t\t<\/a>\n\t\t<\/h3>\n\t\t\t\t<div class=\"elementor-post__excerpt\">\n\t\t\t<p>Bajo el titular \u00abDiez a\u00f1os de innovaci\u00f3n y excelencia\u00bb, el art\u00edculo repasa nuestra trayectoria y consolida nuestra posici\u00f3n como l\u00edderes en la formaci\u00f3n de posgrado que fusiona la odontolog\u00eda restauradora con las nuevas tecnolog\u00edas. Os invitamos a descubrir los detalles de este reconocimiento que es, sin duda, un premio al trabajo, la pasi\u00f3n y la visi\u00f3n de futuro de todos los que forman parte de esta gran familia.<\/p>\n\t\t<\/div>\n\t\t\n\t\t<a class=\"elementor-post__read-more\" href=\"https:\/\/solucionesdentalesdigitales.com\/master\/gaceta-dental-sobre-los-10-anos-de-nuestro-master\/\" aria-label=\"M\u00e1s informaci\u00f3n sobre Gaceta Dental sobre los 10 a\u00f1os de nuestro M\u00e1ster\" tabindex=\"-1\" >\n\t\t\tLeer M\u00e1s &gt;&gt;\t\t<\/a>\n\n\t\t\t\t<\/div>\n\t\t\t\t\t<\/div>\n\t\t<\/article>\n\t\t\t\t<article class=\"elementor-post elementor-grid-item post-1281 post type-post status-publish format-standard has-post-thumbnail hentry category-corus\" role=\"listitem\">\n\t\t\t<div class=\"elementor-post__card\">\n\t\t\t\t<a class=\"elementor-post__thumbnail__link\" href=\"https:\/\/solucionesdentalesdigitales.com\/master\/caso-del-dr-david-de-paz-con-carillas-skyn-y-ferula-nobrux-realizado-con-la-colaboracion-de-corus\/\" tabindex=\"-1\" ><div class=\"elementor-post__thumbnail\"><img loading=\"lazy\" decoding=\"async\" width=\"300\" height=\"300\" src=\"https:\/\/solucionesdentalesdigitales.com\/master\/wp-content\/uploads\/sites\/3\/2022\/10\/Corus-publicacion-de-Paz-2022-300x300.jpg\" class=\"attachment-medium size-medium wp-image-1283\" alt=\"\" srcset=\"https:\/\/solucionesdentalesdigitales.com\/master\/wp-content\/uploads\/sites\/3\/2022\/10\/Corus-publicacion-de-Paz-2022-300x300.jpg 300w, https:\/\/solucionesdentalesdigitales.com\/master\/wp-content\/uploads\/sites\/3\/2022\/10\/Corus-publicacion-de-Paz-2022-1024x1024.jpg 1024w, https:\/\/solucionesdentalesdigitales.com\/master\/wp-content\/uploads\/sites\/3\/2022\/10\/Corus-publicacion-de-Paz-2022-150x150.jpg 150w, https:\/\/solucionesdentalesdigitales.com\/master\/wp-content\/uploads\/sites\/3\/2022\/10\/Corus-publicacion-de-Paz-2022-768x768.jpg 768w, https:\/\/solucionesdentalesdigitales.com\/master\/wp-content\/uploads\/sites\/3\/2022\/10\/Corus-publicacion-de-Paz-2022-1536x1536.jpg 1536w, https:\/\/solucionesdentalesdigitales.com\/master\/wp-content\/uploads\/sites\/3\/2022\/10\/Corus-publicacion-de-Paz-2022.jpg 1950w\" sizes=\"(max-width: 300px) 100vw, 300px\" \/><\/div><\/a>\n\t\t\t\t<div class=\"elementor-post__text\">\n\t\t\t\t<h3 class=\"elementor-post__title\">\n\t\t\t<a href=\"https:\/\/solucionesdentalesdigitales.com\/master\/caso-del-dr-david-de-paz-con-carillas-skyn-y-ferula-nobrux-realizado-con-la-colaboracion-de-corus\/\" >\n\t\t\t\tCaso del Dr David de Paz con carillas Skyn y f\u00e9rula Nobrux, realizado con la colaboraci\u00f3n de Corus\t\t\t<\/a>\n\t\t<\/h3>\n\t\t\t\t<div class=\"elementor-post__excerpt\">\n\t\t\t<p>Caso del Dr David de Paz con carillas Skyn y f\u00e9rula Nobrux, realizado con la colaboraci\u00f3n de Corus Os presentamos el caso de un paciente que acudi\u00f3 al Master con desgastes dentarios y ausencias m\u00faltiples.\u00a0Se realiz\u00f3 una rehabilitaci\u00f3n completa adhesiva sobre dientes e implantes, siguiendo protocolos digitales y finalizando con carillas Skyn y f\u00e9rula Nobrux,<\/p>\n\t\t<\/div>\n\t\t\n\t\t<a class=\"elementor-post__read-more\" href=\"https:\/\/solucionesdentalesdigitales.com\/master\/caso-del-dr-david-de-paz-con-carillas-skyn-y-ferula-nobrux-realizado-con-la-colaboracion-de-corus\/\" aria-label=\"M\u00e1s informaci\u00f3n sobre Caso del Dr David de Paz con carillas Skyn y f\u00e9rula Nobrux, realizado con la colaboraci\u00f3n de Corus\" tabindex=\"-1\" >\n\t\t\tLeer M\u00e1s &gt;&gt;\t\t<\/a>\n\n\t\t\t\t<\/div>\n\t\t\t\t\t<\/div>\n\t\t<\/article>\n\t\t\t\t<article class=\"elementor-post elementor-grid-item post-1249 post type-post status-publish format-standard has-post-thumbnail hentry category-corus\" role=\"listitem\">\n\t\t\t<div class=\"elementor-post__card\">\n\t\t\t\t<a class=\"elementor-post__thumbnail__link\" href=\"https:\/\/solucionesdentalesdigitales.com\/master\/visita-a-las-instalaciones-de-corus-en-barcelona\/\" tabindex=\"-1\" ><div class=\"elementor-post__thumbnail\"><img loading=\"lazy\" decoding=\"async\" width=\"300\" height=\"225\" src=\"https:\/\/solucionesdentalesdigitales.com\/master\/wp-content\/uploads\/sites\/3\/2022\/06\/2-300x225.jpg\" class=\"attachment-medium size-medium wp-image-1251\" alt=\"\" srcset=\"https:\/\/solucionesdentalesdigitales.com\/master\/wp-content\/uploads\/sites\/3\/2022\/06\/2-300x225.jpg 300w, https:\/\/solucionesdentalesdigitales.com\/master\/wp-content\/uploads\/sites\/3\/2022\/06\/2-768x575.jpg 768w, https:\/\/solucionesdentalesdigitales.com\/master\/wp-content\/uploads\/sites\/3\/2022\/06\/2.jpg 989w\" sizes=\"(max-width: 300px) 100vw, 300px\" \/><\/div><\/a>\n\t\t\t\t<div class=\"elementor-post__text\">\n\t\t\t\t<h3 class=\"elementor-post__title\">\n\t\t\t<a href=\"https:\/\/solucionesdentalesdigitales.com\/master\/visita-a-las-instalaciones-de-corus-en-barcelona\/\" >\n\t\t\t\tVisita a las instalaciones de Corus en Barcelona\t\t\t<\/a>\n\t\t<\/h3>\n\t\t\t\t<div class=\"elementor-post__excerpt\">\n\t\t\t<p>Los alumnos del M\u00e1ster han visitado las instalaciones de Corus en Barcelona, tanto el laboratorio como el centro de formaci\u00f3n Corus Academy. Compartieron casos y resultados obtenidos durante esta enriquecedora jornada para ambas partes.<\/p>\n\t\t<\/div>\n\t\t\n\t\t<a class=\"elementor-post__read-more\" href=\"https:\/\/solucionesdentalesdigitales.com\/master\/visita-a-las-instalaciones-de-corus-en-barcelona\/\" aria-label=\"M\u00e1s informaci\u00f3n sobre Visita a las instalaciones de Corus en Barcelona\" tabindex=\"-1\" >\n\t\t\tLeer M\u00e1s &gt;&gt;\t\t<\/a>\n\n\t\t\t\t<\/div>\n\t\t\t\t\t<\/div>\n\t\t<\/article>\n\t\t\t\t<article class=\"elementor-post elementor-grid-item post-1227 post type-post status-publish format-standard has-post-thumbnail hentry category-corus\" role=\"listitem\">\n\t\t\t<div class=\"elementor-post__card\">\n\t\t\t\t<a class=\"elementor-post__thumbnail__link\" href=\"https:\/\/solucionesdentalesdigitales.com\/master\/carillas-skyn-corus-prof-guillermo-pradies-en-seoc\/\" tabindex=\"-1\" ><div class=\"elementor-post__thumbnail\"><img loading=\"lazy\" decoding=\"async\" width=\"300\" height=\"178\" src=\"https:\/\/solucionesdentalesdigitales.com\/master\/wp-content\/uploads\/sites\/3\/2022\/05\/Pradies-en-SOEC-Predictibilidad-300x178.jpg\" class=\"attachment-medium size-medium wp-image-1228\" alt=\"\" srcset=\"https:\/\/solucionesdentalesdigitales.com\/master\/wp-content\/uploads\/sites\/3\/2022\/05\/Pradies-en-SOEC-Predictibilidad-300x178.jpg 300w, https:\/\/solucionesdentalesdigitales.com\/master\/wp-content\/uploads\/sites\/3\/2022\/05\/Pradies-en-SOEC-Predictibilidad-1024x606.jpg 1024w, https:\/\/solucionesdentalesdigitales.com\/master\/wp-content\/uploads\/sites\/3\/2022\/05\/Pradies-en-SOEC-Predictibilidad-768x454.jpg 768w, https:\/\/solucionesdentalesdigitales.com\/master\/wp-content\/uploads\/sites\/3\/2022\/05\/Pradies-en-SOEC-Predictibilidad.jpg 1200w\" sizes=\"(max-width: 300px) 100vw, 300px\" \/><\/div><\/a>\n\t\t\t\t<div class=\"elementor-post__text\">\n\t\t\t\t<h3 class=\"elementor-post__title\">\n\t\t\t<a href=\"https:\/\/solucionesdentalesdigitales.com\/master\/carillas-skyn-corus-prof-guillermo-pradies-en-seoc\/\" >\n\t\t\t\tCarillas SKYN Corus. Prof. Guillermo Prad\u00edes en SEOC Pamplona 2022\t\t\t<\/a>\n\t\t<\/h3>\n\t\t\t\t<div class=\"elementor-post__excerpt\">\n\t\t\t<p>El profesor Guillermo Prad\u00edes, director del m\u00e1ster, ha sido ponente en el congreso SEOC Pamplona 2022 que se celebr\u00f3 durante los d\u00edas 12, 13 y 14 de mayo de 2022. En su ponencia explic\u00f3 el protocolo de trabajo cl\u00ednica-laboratorio con especial importancia de las librer\u00edas digitales utilizadas, los principios de tallado para obtener una carilla<\/p>\n\t\t<\/div>\n\t\t\n\t\t<a class=\"elementor-post__read-more\" href=\"https:\/\/solucionesdentalesdigitales.com\/master\/carillas-skyn-corus-prof-guillermo-pradies-en-seoc\/\" aria-label=\"M\u00e1s informaci\u00f3n sobre Carillas SKYN Corus. Prof. Guillermo Prad\u00edes en SEOC Pamplona 2022\" tabindex=\"-1\" >\n\t\t\tLeer M\u00e1s &gt;&gt;\t\t<\/a>\n\n\t\t\t\t<\/div>\n\t\t\t\t\t<\/div>\n\t\t<\/article>\n\t\t\t\t<article class=\"elementor-post elementor-grid-item post-1018 post type-post status-publish format-standard has-post-thumbnail hentry category-bti\" role=\"listitem\">\n\t\t\t<div class=\"elementor-post__card\">\n\t\t\t\t<a class=\"elementor-post__thumbnail__link\" href=\"https:\/\/solucionesdentalesdigitales.com\/master\/taller-teorico-practico-del-sistema-de-implantes-core-de-bti\/\" tabindex=\"-1\" ><div class=\"elementor-post__thumbnail\"><img loading=\"lazy\" decoding=\"async\" width=\"300\" height=\"300\" src=\"https:\/\/solucionesdentalesdigitales.com\/master\/wp-content\/uploads\/sites\/3\/2022\/01\/img-profesional-core-tejidos-300x300.png\" class=\"attachment-medium size-medium wp-image-1025\" alt=\"\" srcset=\"https:\/\/solucionesdentalesdigitales.com\/master\/wp-content\/uploads\/sites\/3\/2022\/01\/img-profesional-core-tejidos-300x300.png 300w, https:\/\/solucionesdentalesdigitales.com\/master\/wp-content\/uploads\/sites\/3\/2022\/01\/img-profesional-core-tejidos-150x150.png 150w, https:\/\/solucionesdentalesdigitales.com\/master\/wp-content\/uploads\/sites\/3\/2022\/01\/img-profesional-core-tejidos.png 565w\" sizes=\"(max-width: 300px) 100vw, 300px\" \/><\/div><\/a>\n\t\t\t\t<div class=\"elementor-post__text\">\n\t\t\t\t<h3 class=\"elementor-post__title\">\n\t\t\t<a href=\"https:\/\/solucionesdentalesdigitales.com\/master\/taller-teorico-practico-del-sistema-de-implantes-core-de-bti\/\" >\n\t\t\t\tTaller teorico-pr\u00e1ctico del sistema de implantes Core de BTI\t\t\t<\/a>\n\t\t<\/h3>\n\t\t\t\t<div class=\"elementor-post__excerpt\">\n\t\t\t<p>Acciones conjuntas Los alumnos del M\u00e1ster recibieron formaci\u00f3n teorico-pr\u00e1ctica acerca del de manejo quir\u00fargico y prot\u00e9sico del sistema de implantes CORE de BTI (https:\/\/bti-biotechnologyinstitute.com\/). El prof. Grabriel Garc\u00eda Garc\u00eda, fue el encargado de impartir dicho Taller. Los alumnos del M\u00e1ster recibieron formaci\u00f3n teorico-pr\u00e1ctica acerca del de manejo quir\u00fargico y prot\u00e9sico del sistema de implantes CORE<\/p>\n\t\t<\/div>\n\t\t\n\t\t<a class=\"elementor-post__read-more\" href=\"https:\/\/solucionesdentalesdigitales.com\/master\/taller-teorico-practico-del-sistema-de-implantes-core-de-bti\/\" aria-label=\"M\u00e1s informaci\u00f3n sobre Taller teorico-pr\u00e1ctico del sistema de implantes Core de BTI\" tabindex=\"-1\" >\n\t\t\tLeer M\u00e1s &gt;&gt;\t\t<\/a>\n\n\t\t\t\t<\/div>\n\t\t\t\t\t<\/div>\n\t\t<\/article>\n\t\t\t\t<\/div>\n\t\t\n\t\t\t\t\t\t<\/div>\n\t\t\t\t<\/div>\n\t\t\t\t\t<\/div>\n\t\t<\/div>\n\t\t\t\t\t<\/div>\n\t\t<\/section>\n\t\t\t\t<\/div>\n\t\t","protected":false},"excerpt":{"rendered":"<p>Noticias:<\/p>\n","protected":false},"author":1,"featured_media":0,"parent":0,"menu_order":0,"comment_status":"closed","ping_status":"closed","template":"elementor_header_footer","meta":{"footnotes":""},"class_list":["post-367","page","type-page","status-publish","hentry"],"_links":{"self":[{"href":"https:\/\/solucionesdentalesdigitales.com\/master\/wp-json\/wp\/v2\/pages\/367","targetHints":{"allow":["GET"]}}],"collection":[{"href":"https:\/\/solucionesdentalesdigitales.com\/master\/wp-json\/wp\/v2\/pages"}],"about":[{"href":"https:\/\/solucionesdentalesdigitales.com\/master\/wp-json\/wp\/v2\/types\/page"}],"author":[{"embeddable":true,"href":"https:\/\/solucionesdentalesdigitales.com\/master\/wp-json\/wp\/v2\/users\/1"}],"replies":[{"embeddable":true,"href":"https:\/\/solucionesdentalesdigitales.com\/master\/wp-json\/wp\/v2\/comments?post=367"}],"version-history":[{"count":13,"href":"https:\/\/solucionesdentalesdigitales.com\/master\/wp-json\/wp\/v2\/pages\/367\/revisions"}],"predecessor-version":[{"id":565,"href":"https:\/\/solucionesdentalesdigitales.com\/master\/wp-json\/wp\/v2\/pages\/367\/revisions\/565"}],"wp:attachment":[{"href":"https:\/\/solucionesdentalesdigitales.com\/master\/wp-json\/wp\/v2\/media?parent=367"}],"curies":[{"name":"wp","href":"https:\/\/api.w.org\/{rel}","templated":true}]}}