{"id":116,"date":"2020-12-18T07:31:07","date_gmt":"2020-12-18T07:31:07","guid":{"rendered":"https:\/\/solucionesdentalesdigitales.com\/master\/?page_id=116"},"modified":"2022-01-21T09:32:36","modified_gmt":"2022-01-21T09:32:36","slug":"presentacion","status":"publish","type":"page","link":"https:\/\/solucionesdentalesdigitales.com\/master\/presentacion\/","title":{"rendered":"Presentaci\u00f3n"},"content":{"rendered":"\t\t<div data-elementor-type=\"wp-page\" data-elementor-id=\"116\" class=\"elementor elementor-116\" data-elementor-post-type=\"page\">\n\t\t\t\t\t\t<section class=\"elementor-section elementor-top-section elementor-element elementor-element-b5d4849 elementor-section-boxed elementor-section-height-default elementor-section-height-default\" data-id=\"b5d4849\" data-element_type=\"section\">\n\t\t\t\t\t\t<div class=\"elementor-container elementor-column-gap-no\">\n\t\t\t\t\t<div class=\"elementor-column elementor-col-100 elementor-top-column elementor-element elementor-element-694f61c\" data-id=\"694f61c\" data-element_type=\"column\" data-settings=\"{&quot;background_background&quot;:&quot;classic&quot;}\">\n\t\t\t<div class=\"elementor-widget-wrap elementor-element-populated\">\n\t\t\t\t\t\t<section class=\"elementor-section elementor-inner-section elementor-element elementor-element-3353478 elementor-section-boxed elementor-section-height-default elementor-section-height-default\" data-id=\"3353478\" data-element_type=\"section\">\n\t\t\t\t\t\t<div class=\"elementor-container elementor-column-gap-no\">\n\t\t\t\t\t<div class=\"elementor-column elementor-col-50 elementor-inner-column elementor-element elementor-element-2ff3301\" data-id=\"2ff3301\" data-element_type=\"column\">\n\t\t\t<div class=\"elementor-widget-wrap elementor-element-populated\">\n\t\t\t\t\t\t<div class=\"elementor-element elementor-element-d4d687b elementor-widget elementor-widget-heading\" data-id=\"d4d687b\" data-element_type=\"widget\" data-widget_type=\"heading.default\">\n\t\t\t\t<div class=\"elementor-widget-container\">\n\t\t\t\t\t<h2 class=\"elementor-heading-title elementor-size-default\">Presentaci\u00f3n:<\/h2>\t\t\t\t<\/div>\n\t\t\t\t<\/div>\n\t\t\t\t<div class=\"elementor-element elementor-element-2a376e0 elementor-widget elementor-widget-text-editor\" data-id=\"2a376e0\" data-element_type=\"widget\" data-widget_type=\"text-editor.default\">\n\t\t\t\t<div class=\"elementor-widget-container\">\n\t\t\t\t\t\t\t\t\t<p>El programa del M\u00e1ster en Odontolog\u00eda Restauradora basada en las Nuevas Tecnolog\u00edas tiene 3 a\u00f1os de duraci\u00f3n, durante los cuales se pretende formar a profesionales altamente cualificados, capaces de abordar desde el punto de vista \u201crestaurador\u201d las necesidades de todos pacientes susceptibles de tratamiento odontol\u00f3gico. Se trata de una propuesta multidisciplinar, en la que la que el alumno adquirir\u00e1 especial formaci\u00f3n en las llamadas Nuevas Tecnolog\u00edas, que las que se basa actualmente la llamada \u201cOdontolog\u00eda Digital\u201d. Para ello, una parte importante de la actividad del t\u00edtulo propio se basa en la aplicaci\u00f3n de protocolos digitales a la atenci\u00f3n del paciente. As\u00ed pues, los l\u00e1seres terap\u00e9uticos, la tecnolog\u00eda s\u00f3nica y ultras\u00f3nica, las terapias fotodin\u00e1micas, la tecnolog\u00eda digital aplicada al registro del color, la impresi\u00f3n digital del paciente, el registro electr\u00f3nico de la oclusi\u00f3n, la tecnolog\u00eda para cirug\u00eda navegada de implantes, los softwares de planificaci\u00f3n 3D de tratamientos implantol\u00f3gicos, etc. ser\u00e1n parte de los recursos que manejar\u00e1 el alumno.<\/p>\t\t\t\t\t\t\t\t<\/div>\n\t\t\t\t<\/div>\n\t\t\t\t\t<\/div>\n\t\t<\/div>\n\t\t\t\t<div class=\"elementor-column elementor-col-50 elementor-inner-column elementor-element elementor-element-1288e6a\" data-id=\"1288e6a\" data-element_type=\"column\">\n\t\t\t<div class=\"elementor-widget-wrap elementor-element-populated\">\n\t\t\t\t\t\t<div class=\"elementor-element elementor-element-493a440 elementor-widget elementor-widget-image\" data-id=\"493a440\" data-element_type=\"widget\" data-widget_type=\"image.default\">\n\t\t\t\t<div class=\"elementor-widget-container\">\n\t\t\t\t\t\t\t\t\t\t\t\t\t\t\t<img fetchpriority=\"high\" decoding=\"async\" width=\"400\" height=\"542\" src=\"https:\/\/solucionesdentalesdigitales.com\/master\/wp-content\/uploads\/sites\/3\/2021\/04\/Guillermo-pradies-director-master-nuevas-tecnologias-complutense.jpg\" class=\"elementor-animation-shrink attachment-medium_large size-medium_large wp-image-580\" alt=\"\" srcset=\"https:\/\/solucionesdentalesdigitales.com\/master\/wp-content\/uploads\/sites\/3\/2021\/04\/Guillermo-pradies-director-master-nuevas-tecnologias-complutense.jpg 400w, https:\/\/solucionesdentalesdigitales.com\/master\/wp-content\/uploads\/sites\/3\/2021\/04\/Guillermo-pradies-director-master-nuevas-tecnologias-complutense-221x300.jpg 221w\" sizes=\"(max-width: 400px) 100vw, 400px\" \/>\t\t\t\t\t\t\t\t\t\t\t\t\t\t\t<\/div>\n\t\t\t\t<\/div>\n\t\t\t\t<div class=\"elementor-element elementor-element-80c831a elementor-widget elementor-widget-heading\" data-id=\"80c831a\" data-element_type=\"widget\" data-widget_type=\"heading.default\">\n\t\t\t\t<div class=\"elementor-widget-container\">\n\t\t\t\t\t<h6 class=\"elementor-heading-title elementor-size-default\">Prof. Dr. Guillermo Prad\u00edes<br>Director<\/h6>\t\t\t\t<\/div>\n\t\t\t\t<\/div>\n\t\t\t\t\t<\/div>\n\t\t<\/div>\n\t\t\t\t\t<\/div>\n\t\t<\/section>\n\t\t\t\t<div class=\"elementor-element elementor-element-49eebb8 elementor-widget elementor-widget-text-editor\" data-id=\"49eebb8\" data-element_type=\"widget\" data-widget_type=\"text-editor.default\">\n\t\t\t\t<div class=\"elementor-widget-container\">\n\t\t\t\t\t\t\t\t\t<p>Otra parte importante del T\u00edtulo es el conocimiento de las t\u00e9cnicas b\u00e1sicas de investigaci\u00f3n dentro del \u00e1rea de los biomateriales, de las nuevas tecnolog\u00edas en los diferentes campos de la odontolog\u00eda y de la inteligencia artificial aplicada a la odontolog\u00eda. Para ello, los estudiantes ser\u00e1n capacitados para realizar peque\u00f1os trabajos de investigaci\u00f3n que le motiven, para interesarse por la evoluci\u00f3n, evaluaci\u00f3n y difusi\u00f3n del conocimiento odontol\u00f3gico.&nbsp;<\/p><p><span style=\"color: var( --e-global-color-text ); font-family: var( --e-global-typography-text-font-family ), Sans-serif; font-weight: var( --e-global-typography-text-font-weight );\">El programa se desarrolla mediante clases te\u00f3ricas, talleres pr\u00e1cticos, seminarios precl\u00ednicos, sesiones de planificaci\u00f3n de casos cl\u00ednicos y atenci\u00f3n cl\u00ednica de pacientes, dentro del \u00e1mbito de la pr\u00f3tesis, periodoncia, cirug\u00eda, endodoncia, ortodoncia\u2026 todo ello, con el apoyo de las nuevas tecnolog\u00edas disponibles en la actualidad. El M\u00e1ster tambi\u00e9n incluye revisiones de la literatura cient\u00edfica que tienen como objetivo, formar al alumno en diferentes temas y fomentar la capacidad de cr\u00edtica y de debate.<\/span><\/p><p>El programa te\u00f3rico supone aproximadamente el 20% del contenido del T\u00edtulo, y est\u00e1 dise\u00f1ado para proporcionar la base te\u00f3rica necesaria para la toma de decisiones y realizaci\u00f3n de la actividad pr\u00e1ctica. Se lleva a cabo mediante clases magistrales y conferencias, seminarios de presentaciones y debate por parte de los alumnos y profesores.<span style=\"color: var( --e-global-color-text ); font-family: var( --e-global-typography-text-font-family ), Sans-serif; font-weight: var( --e-global-typography-text-font-weight );\"><br><\/span><\/p><p><span style=\"color: var( --e-global-color-text ); font-family: var( --e-global-typography-text-font-family ), Sans-serif; font-weight: var( --e-global-typography-text-font-weight );\">El programa pr\u00e1ctico (70% de la actividad) consta de dos partes: un programa precl\u00ednico y otro cl\u00ednico. Las pr\u00e1cticas precl\u00ednicas, consisten en talleres que tienen como objetivo desarrollar las habilidades necesarias para abordar las pr\u00e1cticas cl\u00ednicas. Las pr\u00e1cticas cl\u00ednicas suponen el 65% de la actividad del m\u00e1ster y su fin es la rehabilitaci\u00f3n de los pacientes mediante flujo s digitales, es decir, alcanzar la competencia en el diagn\u00f3stico, planificaci\u00f3n, y tratamiento del paciente apoy\u00e1ndose en las nuevas tecnolog\u00edas disponible es el mercado. El apartado cl\u00ednico se complementa con los seminarios de planificaci\u00f3n de tratamiento y presentaci\u00f3n de casos cl\u00ednicos.<\/span><br><\/p><p>El \u00faltimo apartado, es el Trabajo Fin de M\u00e1ster que supone el 10 % del programa. Para finalizar sus estudios, los alumnos deben realizar un trabajo de investigaci\u00f3n y un caso cl\u00ednico, que ser\u00e1 presentado en un Congreso Cient\u00edfico y\/o publicado en una revista relevante dentro del campo de la odontolog\u00eda.<\/p><p>El programa cuenta con m\u00e1s de 20 profesores nacionales e internacionales, l\u00edderes en diferentes sectores de la odontolog\u00eda, y con una gran capacidad docente y cl\u00ednica.<\/p>\t\t\t\t\t\t\t\t<\/div>\n\t\t\t\t<\/div>\n\t\t\t\t<div class=\"elementor-element elementor-element-07b8835 elementor-widget elementor-widget-template\" data-id=\"07b8835\" data-element_type=\"widget\" data-widget_type=\"template.default\">\n\t\t\t\t<div class=\"elementor-widget-container\">\n\t\t\t\t\t\t\t<div class=\"elementor-template\">\n\t\t\t\t\t<div data-elementor-type=\"section\" data-elementor-id=\"587\" class=\"elementor elementor-587\" data-elementor-post-type=\"elementor_library\">\n\t\t\t\t\t<section class=\"elementor-section elementor-top-section elementor-element elementor-element-6685e36b elementor-section-boxed elementor-section-height-default elementor-section-height-default\" data-id=\"6685e36b\" data-element_type=\"section\">\n\t\t\t\t\t\t<div class=\"elementor-container elementor-column-gap-default\">\n\t\t\t\t\t<div class=\"elementor-column elementor-col-100 elementor-top-column elementor-element elementor-element-2c11d975\" data-id=\"2c11d975\" data-element_type=\"column\">\n\t\t\t<div class=\"elementor-widget-wrap elementor-element-populated\">\n\t\t\t\t\t\t<div class=\"elementor-element elementor-element-7e1ed3a8 elementor-widget elementor-widget-heading\" data-id=\"7e1ed3a8\" data-element_type=\"widget\" data-widget_type=\"heading.default\">\n\t\t\t\t<div class=\"elementor-widget-container\">\n\t\t\t\t\t<h2 class=\"elementor-heading-title elementor-size-default\">Conoce el M\u00e1ster:<\/h2>\t\t\t\t<\/div>\n\t\t\t\t<\/div>\n\t\t\t\t<div class=\"elementor-element elementor-element-7578de00 elementor-skin-coverflow elementor-arrows-yes elementor-pagination-type-bullets elementor-pagination-position-outside elementor-widget elementor-widget-media-carousel\" data-id=\"7578de00\" data-element_type=\"widget\" data-settings=\"{&quot;skin&quot;:&quot;coverflow&quot;,&quot;show_arrows&quot;:&quot;yes&quot;,&quot;pagination&quot;:&quot;bullets&quot;,&quot;speed&quot;:500,&quot;autoplay&quot;:&quot;yes&quot;,&quot;autoplay_speed&quot;:5000,&quot;loop&quot;:&quot;yes&quot;,&quot;pause_on_hover&quot;:&quot;yes&quot;,&quot;pause_on_interaction&quot;:&quot;yes&quot;,&quot;space_between&quot;:{&quot;unit&quot;:&quot;px&quot;,&quot;size&quot;:10,&quot;sizes&quot;:[]},&quot;space_between_tablet&quot;:{&quot;unit&quot;:&quot;px&quot;,&quot;size&quot;:10,&quot;sizes&quot;:[]},&quot;space_between_mobile&quot;:{&quot;unit&quot;:&quot;px&quot;,&quot;size&quot;:10,&quot;sizes&quot;:[]}}\" data-widget_type=\"media-carousel.default\">\n\t\t\t\t<div class=\"elementor-widget-container\">\n\t\t\t\t\t\t\t\t\t<div class=\"elementor-swiper\">\n\t\t\t\t\t<div class=\"elementor-main-swiper swiper\" role=\"region\" aria-roledescription=\"carousel\" aria-label=\"Diapositivas\">\n\t\t\t\t<div class=\"swiper-wrapper\">\n\t\t\t\t\t\t\t\t\t\t\t<div class=\"swiper-slide\" role=\"group\" aria-roledescription=\"slide\">\n\t\t\t\t\t\t\t<a href=\"https:\/\/solucionesdentalesdigitales.com\/master\/wp-content\/uploads\/sites\/3\/2021\/04\/miniatura-video-alumno.jpg\" data-elementor-open-lightbox=\"yes\" data-elementor-lightbox-slideshow=\"7578de00\" data-elementor-lightbox-title=\"miniatura-video-alumno\" data-e-action-hash=\"#elementor-action%3Aaction%3Dlightbox%26settings%3DeyJpZCI6NzQzLCJ1cmwiOiJodHRwczpcL1wvc29sdWNpb25lc2RlbnRhbGVzZGlnaXRhbGVzLmNvbVwvbWFzdGVyXC93cC1jb250ZW50XC91cGxvYWRzXC9zaXRlc1wvM1wvMjAyMVwvMDRcL21pbmlhdHVyYS12aWRlby1hbHVtbm8uanBnIiwic2xpZGVzaG93IjoiNzU3OGRlMDAifQ%3D%3D\" data-elementor-lightbox-video=\"https:\/\/www.youtube.com\/embed\/FkmjAOMOypw?feature=oembed&amp;autoplay=1&amp;rel=0&amp;controls=0\">\t\t<div class=\"elementor-carousel-image\" role=\"img\" aria-label=\"miniatura-video-alumno\" style=\"background-image: url(&#039;https:\/\/solucionesdentalesdigitales.com\/master\/wp-content\/uploads\/sites\/3\/2021\/04\/miniatura-video-alumno.jpg&#039;)\">\n\n\t\t\t\n\t\t\t\t\t\t\t<div class=\"elementor-custom-embed-play\">\n\t\t\t\t\t<svg aria-hidden=\"true\" class=\"e-font-icon-svg e-eicon-play\" viewBox=\"0 0 1000 1000\" xmlns=\"http:\/\/www.w3.org\/2000\/svg\"><path d=\"M838 162C746 71 633 25 500 25 371 25 258 71 163 162 71 254 25 367 25 500 25 633 71 746 163 837 254 929 367 979 500 979 633 979 746 933 838 837 929 746 975 633 975 500 975 367 929 254 838 162M808 192C892 279 933 379 933 500 933 621 892 725 808 808 725 892 621 938 500 938 379 938 279 896 196 808 113 725 67 621 67 500 67 379 108 279 196 192 279 108 383 62 500 62 621 62 721 108 808 192M438 392V642L642 517 438 392Z\"><\/path><\/svg>\t\t\t\t\t<span class=\"elementor-screen-only\">Reproducir<\/span>\n\t\t\t\t<\/div>\n\t\t\t\t\t<\/div>\n\t\t<\/a>\t\t\t\t\t\t<\/div>\n\t\t\t\t\t\t\t\t\t\t\t<div class=\"swiper-slide\" role=\"group\" aria-roledescription=\"slide\">\n\t\t\t\t\t\t\t<a href=\"https:\/\/solucionesdentalesdigitales.com\/master\/wp-content\/uploads\/sites\/3\/2021\/03\/miniatura-video-presentacion.jpg\" data-elementor-open-lightbox=\"yes\" data-elementor-lightbox-slideshow=\"7578de00\" data-elementor-lightbox-title=\"miniatura-video-presentacion\" data-e-action-hash=\"#elementor-action%3Aaction%3Dlightbox%26settings%3DeyJpZCI6NDcxLCJ1cmwiOiJodHRwczpcL1wvc29sdWNpb25lc2RlbnRhbGVzZGlnaXRhbGVzLmNvbVwvbWFzdGVyXC93cC1jb250ZW50XC91cGxvYWRzXC9zaXRlc1wvM1wvMjAyMVwvMDNcL21pbmlhdHVyYS12aWRlby1wcmVzZW50YWNpb24uanBnIiwic2xpZGVzaG93IjoiNzU3OGRlMDAifQ%3D%3D\" data-elementor-lightbox-video=\"https:\/\/www.youtube.com\/embed\/m4vjv8wEAlE?feature=oembed&amp;autoplay=1&amp;rel=0&amp;controls=0\">\t\t<div class=\"elementor-carousel-image\" role=\"img\" aria-label=\"miniatura-video-presentacion\" style=\"background-image: url(&#039;https:\/\/solucionesdentalesdigitales.com\/master\/wp-content\/uploads\/sites\/3\/2021\/03\/miniatura-video-presentacion.jpg&#039;)\">\n\n\t\t\t\n\t\t\t\t\t\t\t<div class=\"elementor-custom-embed-play\">\n\t\t\t\t\t<svg aria-hidden=\"true\" class=\"e-font-icon-svg e-eicon-play\" viewBox=\"0 0 1000 1000\" xmlns=\"http:\/\/www.w3.org\/2000\/svg\"><path d=\"M838 162C746 71 633 25 500 25 371 25 258 71 163 162 71 254 25 367 25 500 25 633 71 746 163 837 254 929 367 979 500 979 633 979 746 933 838 837 929 746 975 633 975 500 975 367 929 254 838 162M808 192C892 279 933 379 933 500 933 621 892 725 808 808 725 892 621 938 500 938 379 938 279 896 196 808 113 725 67 621 67 500 67 379 108 279 196 192 279 108 383 62 500 62 621 62 721 108 808 192M438 392V642L642 517 438 392Z\"><\/path><\/svg>\t\t\t\t\t<span class=\"elementor-screen-only\">Reproducir<\/span>\n\t\t\t\t<\/div>\n\t\t\t\t\t<\/div>\n\t\t<\/a>\t\t\t\t\t\t<\/div>\n\t\t\t\t\t\t\t\t\t\t\t<div class=\"swiper-slide\" role=\"group\" aria-roledescription=\"slide\">\n\t\t\t\t\t\t\t<a href=\"https:\/\/solucionesdentalesdigitales.com\/master\/wp-content\/uploads\/sites\/3\/2021\/03\/miniatura-escaneres.jpg\" data-elementor-open-lightbox=\"yes\" data-elementor-lightbox-slideshow=\"7578de00\" data-elementor-lightbox-title=\"miniatura-escaneres\" data-e-action-hash=\"#elementor-action%3Aaction%3Dlightbox%26settings%3DeyJpZCI6NDc1LCJ1cmwiOiJodHRwczpcL1wvc29sdWNpb25lc2RlbnRhbGVzZGlnaXRhbGVzLmNvbVwvbWFzdGVyXC93cC1jb250ZW50XC91cGxvYWRzXC9zaXRlc1wvM1wvMjAyMVwvMDNcL21pbmlhdHVyYS1lc2NhbmVyZXMuanBnIiwic2xpZGVzaG93IjoiNzU3OGRlMDAifQ%3D%3D\" data-elementor-lightbox-video=\"https:\/\/www.youtube.com\/embed\/m4vjv8wEAlE?feature=oembed&amp;autoplay=1&amp;rel=0&amp;controls=0\">\t\t<div class=\"elementor-carousel-image\" role=\"img\" aria-label=\"miniatura-escaneres\" style=\"background-image: url(&#039;https:\/\/solucionesdentalesdigitales.com\/master\/wp-content\/uploads\/sites\/3\/2021\/03\/miniatura-escaneres.jpg&#039;)\">\n\n\t\t\t\n\t\t\t\t\t\t\t<div class=\"elementor-custom-embed-play\">\n\t\t\t\t\t<svg aria-hidden=\"true\" class=\"e-font-icon-svg e-eicon-play\" viewBox=\"0 0 1000 1000\" xmlns=\"http:\/\/www.w3.org\/2000\/svg\"><path d=\"M838 162C746 71 633 25 500 25 371 25 258 71 163 162 71 254 25 367 25 500 25 633 71 746 163 837 254 929 367 979 500 979 633 979 746 933 838 837 929 746 975 633 975 500 975 367 929 254 838 162M808 192C892 279 933 379 933 500 933 621 892 725 808 808 725 892 621 938 500 938 379 938 279 896 196 808 113 725 67 621 67 500 67 379 108 279 196 192 279 108 383 62 500 62 621 62 721 108 808 192M438 392V642L642 517 438 392Z\"><\/path><\/svg>\t\t\t\t\t<span class=\"elementor-screen-only\">Reproducir<\/span>\n\t\t\t\t<\/div>\n\t\t\t\t\t<\/div>\n\t\t<\/a>\t\t\t\t\t\t<\/div>\n\t\t\t\t\t\t\t\t\t\t\t<div class=\"swiper-slide\" role=\"group\" aria-roledescription=\"slide\">\n\t\t\t\t\t\t\t<a href=\"https:\/\/solucionesdentalesdigitales.com\/master\/wp-content\/uploads\/sites\/3\/2021\/03\/miniatura-dia-de-trabajo.jpg\" data-elementor-open-lightbox=\"yes\" data-elementor-lightbox-slideshow=\"7578de00\" data-elementor-lightbox-title=\"miniatura-dia-de-trabajo\" data-e-action-hash=\"#elementor-action%3Aaction%3Dlightbox%26settings%3DeyJpZCI6NDgwLCJ1cmwiOiJodHRwczpcL1wvc29sdWNpb25lc2RlbnRhbGVzZGlnaXRhbGVzLmNvbVwvbWFzdGVyXC93cC1jb250ZW50XC91cGxvYWRzXC9zaXRlc1wvM1wvMjAyMVwvMDNcL21pbmlhdHVyYS1kaWEtZGUtdHJhYmFqby5qcGciLCJzbGlkZXNob3ciOiI3NTc4ZGUwMCJ9\" data-elementor-lightbox-video=\"https:\/\/www.youtube.com\/embed\/g7tYsaxmgVE?feature=oembed&amp;autoplay=1&amp;rel=0&amp;controls=0\">\t\t<div class=\"elementor-carousel-image\" role=\"img\" aria-label=\"miniatura-dia-de-trabajo\" style=\"background-image: url(&#039;https:\/\/solucionesdentalesdigitales.com\/master\/wp-content\/uploads\/sites\/3\/2021\/03\/miniatura-dia-de-trabajo.jpg&#039;)\">\n\n\t\t\t\n\t\t\t\t\t\t\t<div class=\"elementor-custom-embed-play\">\n\t\t\t\t\t<svg aria-hidden=\"true\" class=\"e-font-icon-svg e-eicon-play\" viewBox=\"0 0 1000 1000\" xmlns=\"http:\/\/www.w3.org\/2000\/svg\"><path d=\"M838 162C746 71 633 25 500 25 371 25 258 71 163 162 71 254 25 367 25 500 25 633 71 746 163 837 254 929 367 979 500 979 633 979 746 933 838 837 929 746 975 633 975 500 975 367 929 254 838 162M808 192C892 279 933 379 933 500 933 621 892 725 808 808 725 892 621 938 500 938 379 938 279 896 196 808 113 725 67 621 67 500 67 379 108 279 196 192 279 108 383 62 500 62 621 62 721 108 808 192M438 392V642L642 517 438 392Z\"><\/path><\/svg>\t\t\t\t\t<span class=\"elementor-screen-only\">Reproducir<\/span>\n\t\t\t\t<\/div>\n\t\t\t\t\t<\/div>\n\t\t<\/a>\t\t\t\t\t\t<\/div>\n\t\t\t\t\t\t\t\t\t<\/div>\n\t\t\t\t\t\t\t\t\t\t\t\t\t\t\t<div class=\"elementor-swiper-button elementor-swiper-button-prev\" role=\"button\" tabindex=\"0\" aria-label=\"Anterior\">\n\t\t\t\t\t\t\t<svg aria-hidden=\"true\" class=\"e-font-icon-svg e-eicon-chevron-left\" viewBox=\"0 0 1000 1000\" xmlns=\"http:\/\/www.w3.org\/2000\/svg\"><path d=\"M646 125C629 125 613 133 604 142L308 442C296 454 292 471 292 487 292 504 296 521 308 533L604 854C617 867 629 875 646 875 663 875 679 871 692 858 704 846 713 829 713 812 713 796 708 779 692 767L438 487 692 225C700 217 708 204 708 187 708 171 704 154 692 142 675 129 663 125 646 125Z\"><\/path><\/svg>\t\t\t\t\t\t<\/div>\n\t\t\t\t\t\t<div class=\"elementor-swiper-button elementor-swiper-button-next\" role=\"button\" tabindex=\"0\" aria-label=\"Siguiente\">\n\t\t\t\t\t\t\t<svg aria-hidden=\"true\" class=\"e-font-icon-svg e-eicon-chevron-right\" viewBox=\"0 0 1000 1000\" xmlns=\"http:\/\/www.w3.org\/2000\/svg\"><path d=\"M696 533C708 521 713 504 713 487 713 471 708 454 696 446L400 146C388 133 375 125 354 125 338 125 325 129 313 142 300 154 292 171 292 187 292 204 296 221 308 233L563 492 304 771C292 783 288 800 288 817 288 833 296 850 308 863 321 871 338 875 354 875 371 875 388 867 400 854L696 533Z\"><\/path><\/svg>\t\t\t\t\t\t<\/div>\n\t\t\t\t\t\t\t\t\t\t\t\t\t\t\t\t<div class=\"swiper-pagination\"><\/div>\n\t\t\t\t\t\t\t\t\t\t\t\t<\/div>\n\t\t\t\t<\/div>\n\t\t\t\t\t\t\t\t<\/div>\n\t\t\t\t<\/div>\n\t\t\t\t\t<\/div>\n\t\t<\/div>\n\t\t\t\t\t<\/div>\n\t\t<\/section>\n\t\t\t\t<\/div>\n\t\t\t\t<\/div>\n\t\t\t\t\t\t<\/div>\n\t\t\t\t<\/div>\n\t\t\t\t\t<\/div>\n\t\t<\/div>\n\t\t\t\t\t<\/div>\n\t\t<\/section>\n\t\t\t\t<\/div>\n\t\t","protected":false},"excerpt":{"rendered":"<p>Presentaci\u00f3n: El programa del M\u00e1ster en Odontolog\u00eda Restauradora basada en las Nuevas Tecnolog\u00edas tiene 3 a\u00f1os de duraci\u00f3n, durante los cuales se pretende formar a profesionales altamente cualificados, capaces de abordar desde el punto de vista \u201crestaurador\u201d las necesidades de todos pacientes susceptibles de tratamiento odontol\u00f3gico. Se trata de una propuesta multidisciplinar, en la que &#8230; <a title=\"Presentaci\u00f3n\" class=\"read-more\" href=\"https:\/\/solucionesdentalesdigitales.com\/master\/presentacion\/\" aria-label=\"M\u00e1s en Presentaci\u00f3n\">Leer m\u00e1s<\/a><\/p>\n","protected":false},"author":1,"featured_media":0,"parent":0,"menu_order":0,"comment_status":"closed","ping_status":"closed","template":"elementor_header_footer","meta":{"footnotes":""},"class_list":["post-116","page","type-page","status-publish"],"_links":{"self":[{"href":"https:\/\/solucionesdentalesdigitales.com\/master\/wp-json\/wp\/v2\/pages\/116","targetHints":{"allow":["GET"]}}],"collection":[{"href":"https:\/\/solucionesdentalesdigitales.com\/master\/wp-json\/wp\/v2\/pages"}],"about":[{"href":"https:\/\/solucionesdentalesdigitales.com\/master\/wp-json\/wp\/v2\/types\/page"}],"author":[{"embeddable":true,"href":"https:\/\/solucionesdentalesdigitales.com\/master\/wp-json\/wp\/v2\/users\/1"}],"replies":[{"embeddable":true,"href":"https:\/\/solucionesdentalesdigitales.com\/master\/wp-json\/wp\/v2\/comments?post=116"}],"version-history":[{"count":40,"href":"https:\/\/solucionesdentalesdigitales.com\/master\/wp-json\/wp\/v2\/pages\/116\/revisions"}],"predecessor-version":[{"id":873,"href":"https:\/\/solucionesdentalesdigitales.com\/master\/wp-json\/wp\/v2\/pages\/116\/revisions\/873"}],"wp:attachment":[{"href":"https:\/\/solucionesdentalesdigitales.com\/master\/wp-json\/wp\/v2\/media?parent=116"}],"curies":[{"name":"wp","href":"https:\/\/api.w.org\/{rel}","templated":true}]}}